{"id":19700,"date":"2018-11-27T17:08:35","date_gmt":"2018-11-27T16:08:35","guid":{"rendered":"https:\/\/ordiges.com\/?page_id=19700"},"modified":"2020-05-28T15:48:20","modified_gmt":"2020-05-28T13:48:20","slug":"legal-notice","status":"publish","type":"page","link":"https:\/\/ordiges.com\/en\/legal-notice\/","title":{"rendered":"Legal Notice"},"content":{"rendered":"<p>[et_pb_section fb_built=&#8221;1&#8243; fullwidth=&#8221;on&#8221; _builder_version=&#8221;3.22&#8243;][et_pb_fullwidth_header title=&#8221;Legal notices&#8221; text_orientation=&#8221;center&#8221; admin_label=&#8221;Titre de la page&#8221; _builder_version=&#8221;3.17.6&#8243; background_color=&#8221;#ffffff&#8221; use_background_color_gradient=&#8221;on&#8221; background_image=&#8221;https:\/\/ordiges.com\/wp-content\/uploads\/2018\/12\/legal-notices-ordiges.jpg&#8221; parallax=&#8221;on&#8221; child_filter_saturate=&#8221;0%&#8221; child_filter_brightness=&#8221;35%&#8221; child_filter_contrast=&#8221;30%&#8221; saved_tabs=&#8221;all&#8221; button_one_text_size__hover_enabled=&#8221;off&#8221; button_one_text_size__hover=&#8221;null&#8221; button_two_text_size__hover_enabled=&#8221;off&#8221; button_two_text_size__hover=&#8221;null&#8221; button_one_text_color__hover_enabled=&#8221;off&#8221; button_one_text_color__hover=&#8221;null&#8221; button_two_text_color__hover_enabled=&#8221;off&#8221; button_two_text_color__hover=&#8221;null&#8221; button_one_border_width__hover_enabled=&#8221;off&#8221; button_one_border_width__hover=&#8221;null&#8221; button_two_border_width__hover_enabled=&#8221;off&#8221; button_two_border_width__hover=&#8221;null&#8221; button_one_border_color__hover_enabled=&#8221;off&#8221; button_one_border_color__hover=&#8221;null&#8221; button_two_border_color__hover_enabled=&#8221;off&#8221; button_two_border_color__hover=&#8221;null&#8221; button_one_border_radius__hover_enabled=&#8221;off&#8221; button_one_border_radius__hover=&#8221;null&#8221; button_two_border_radius__hover_enabled=&#8221;off&#8221; button_two_border_radius__hover=&#8221;null&#8221; button_one_letter_spacing__hover_enabled=&#8221;off&#8221; button_one_letter_spacing__hover=&#8221;null&#8221; button_two_letter_spacing__hover_enabled=&#8221;off&#8221; button_two_letter_spacing__hover=&#8221;null&#8221; button_one_bg_color__hover_enabled=&#8221;off&#8221; button_one_bg_color__hover=&#8221;null&#8221; button_two_bg_color__hover_enabled=&#8221;off&#8221; button_two_bg_color__hover=&#8221;null&#8221;][\/et_pb_fullwidth_header][\/et_pb_section][et_pb_section fb_built=&#8221;1&#8243; _builder_version=&#8221;3.22&#8243;][et_pb_row _builder_version=&#8221;3.25&#8243; background_size=&#8221;initial&#8221; background_position=&#8221;top_left&#8221; background_repeat=&#8221;repeat&#8221;][et_pb_column type=&#8221;4_4&#8243; _builder_version=&#8221;3.25&#8243; custom_padding=&#8221;|||&#8221; custom_padding__hover=&#8221;|||&#8221;][et_pb_text _builder_version=&#8221;3.27.4&#8243; background_size=&#8221;initial&#8221; background_position=&#8221;top_left&#8221; background_repeat=&#8221;repeat&#8221;]<\/p>\n<p style=\"text-align: justify;\">By accessing this Ordiges website, the user accepts and undertakes to comply with the following terms and conditions. Refusal to accept them revokes the user&#8217;s right to use this website.<\/p>\n<p style=\"text-align: justify;\">This website is property of Ordiges SA\/NV, registered on the Belgian trade register under number 0418.049.0511, intra-Community VAT number BE-0418 049 511; with capital of \u20ac95,000, headquartered at Chauss\u00e9e de Stockel 274, 1200 Woluwe-Saint-Lambert \u2013 Tel: +32 2 290 07 00. Registry of Legal Entities: Brussels. The company owns the company Graphitex.<\/p>\n<p style=\"text-align: justify;\">The executive responsible for the Ordiges website is Mr. Eric Pansin (CEO of Ordiges).<\/p>\n<p style=\"text-align: justify;\">The content of this website (text, images, graphics, general structure and\/or any other elements of this website) is the exclusive property of Ordiges. The reproduction, transfer, distribution, or storage of these elements, in whole or in part, is authorised for personal use and prohibited for further distribution without the prior consent of Ordiges. The content of this website is for private, non-commercial use only. With the exception of the use of press releases, which may be used only if their source is cited.<\/p>\n<p style=\"text-align: justify;\">The user recognises that Ordiges can use the information he or she enters on the website\u00a0<strong><u><a href=\"http:\/\/www.ordiges.com\/undefined\">www.ordiges.com<\/a><\/u><\/strong>\u00a0for administrative or commercial purposes. Ordiges will never transfer this data to third parties. Ordiges does not share its database.<\/p>\n<p style=\"text-align: justify;\">The user of the Ordiges website affirms that he or she has verified that the IT system used is fully operational and is not contaminated with any viruses. Ordiges is not responsible for the security of this website.<\/p>\n<p style=\"text-align: justify;\">While Ordiges strives to provide users with verified and available information and systems, it is not responsible for interruptions in access to its website. Ordiges is not responsible for any viruses or other problems which occur due to the user\u2019s use of its website, and is not responsible for damage to the information systems of website users.<\/p>\n<p style=\"text-align: justify;\">The content of the Ordiges website is provided for information only, and Ordiges cannot guarantee that the data on its website is current, exact or complete.<\/p>\n<p style=\"text-align: justify;\">Ordiges may display links to third-party websites for informational purposes. Ordiges is not responsible for the content of these third-party sites. A URL link to the website\u00a0<strong><u><a href=\"http:\/\/www.ordiges.com\/undefined\">www.ordiges.com<\/a><\/u><\/strong>\u00a0may not be added without the prior approval of Ordiges.<\/p>\n<p style=\"text-align: justify;\">This site was created by Ordiges. Its webmaster is <u><a href=\"https:\/\/ruellegregory.be\/\">Gr\u00e9gory Ruelle<\/a><\/u> and it is hosted by\u00a0<u><a href=\"https:\/\/www.ovh.com\/fr\/\">OVH<\/a><\/u>.<\/p>\n<p>[\/et_pb_text][\/et_pb_column][\/et_pb_row][\/et_pb_section]<\/p>\n","protected":false},"excerpt":{"rendered":"<p>By accessing this Ordiges website, the user accepts and undertakes to comply with the following terms and conditions. Refusal to accept them revokes the user&#8217;s right to use this website.This website is property of Ordiges SA\/NV, registered on the Belgian trade register under number 0418.049.0511, intra-Community VAT number BE-0418 049 511; with capital of \u20ac95,000, [&hellip;]<\/p>\n","protected":false},"author":3,"featured_media":20407,"parent":0,"menu_order":169,"comment_status":"closed","ping_status":"closed","template":"","meta":{"_acf_changed":false,"_seopress_robots_primary_cat":"","_seopress_titles_title":"Legal notices | Ordiges","_seopress_titles_desc":"This website is property of Ordiges SA\/NV, registered on the Belgian Companies Register under number 0418.049.0511\r\n","_seopress_robots_index":"","_et_pb_use_builder":"on","_et_pb_old_content":"<p>En acc\u00e9dant au pr\u00e9sent site d\u2019Ordiges, l\u2019utilisateur accepte et s\u2019engage \u00e0 respecter les conditions suivantes. Si vous ne les acceptez pas, l\u2019utilisateur ne peut utiliser ce site.<\/p><p>Le pr\u00e9sent site est la propri\u00e9t\u00e9 de Ordiges SA\/NV, inscrite au registre de commerce belge sous le num\u00e9ro 0418.049.0511, dont le num\u00e9ro de TVA intracommunautaire\u00a0est BE-0418 049 511\u00a0; au capital de \u20ac 95.000, et dont le si\u00e8ge social est \u00e0 l\u2019adresse Chauss\u00e9e de Stockel 274, 1200 Woluwe-Saint-Lambert \u2013 T\u00e9l\u00a0: +32 2 290 07 00. RPM : Bruxelles. La soci\u00e9t\u00e9 d\u00e9tient la soci\u00e9t\u00e9 Graphitex.<\/p><p>Le directeur responsable du site web d\u2019Ordiges est M. Eric Pansin (CEO Ordiges).<\/p><p>Le contenu du pr\u00e9sent site (texte, image, graphisme, structure g\u00e9n\u00e9rale, documents et\/ou tout autre \u00e9l\u00e9ment de ce site) est la propri\u00e9t\u00e9 exclusive d\u2019Ordiges. La reproduction, transfert, distribution ou stockage de ces \u00e9l\u00e9ments (tout ou partie) est autoris\u00e9 pour un usage personnel et non pour \u00eatre redistribu\u00e9 \u2013 sauf accord pr\u00e9alable d\u2019Ordiges. Le contenu de ce site est permis pour un usage priv\u00e9 et non-commercial. A l\u2019exception de l\u2019utilisation de communiqu\u00e9s de presse, ceux-ci pouvant \u00eatre redistribu\u00e9s uniquement si la source est mentionn\u00e9e.<\/p><p>L\u2019utilisateur du site reconna\u00eet qu\u2019Ordiges peut utiliser de mani\u00e8re administrative et commerciale les donn\u00e9es que l\u2019utilisateur introduit sur le site<span class=\"apple-converted-space\">\u00a0<\/span><a href=\"http:\/\/www.ordiges.com\/undefined\" target=\"_self\"><b>www.ordiges.com<\/b><\/a><span class=\"apple-converted-space\">\u00a0<\/span>. Ordiges assure qu\u2019en aucun cas, ces donn\u00e9es ne seront transf\u00e9r\u00e9es \u00e0 des tiers\u00a0 \u2013 Ordiges ne partage pas sa base de donn\u00e9es.<\/p><p>L\u2019utilisateur du site web d\u2019Ordiges reconna\u00eet avoir v\u00e9rifi\u00e9 que son syst\u00e8me informatique utilis\u00e9 ne contient aucun virus et est en \u00e9tat de fonctionnement parfait. Ordiges n\u2019assumera pas la responsabilit\u00e9 de la s\u00e9curit\u00e9 du site.<\/p><p>Bien qu\u2019Ordiges s\u2019efforce \u00e0 offrir \u00e0 l\u2019utilisateur des informations et syst\u00e8me v\u00e9rifi\u00e9s et disponibles, il\u00a0 n\u2019est pas responsable de l\u2019interruption d\u2019accessibilit\u00e9 \u00e0 son site. Ordiges n\u2019est pas responsables de virus ou autres probl\u00e8mes survenu lors du passage sur le site de l\u2019utilisateur, et n\u2019est pas responsable des d\u00e9g\u00e2ts caus\u00e9s aux syst\u00e8mes informatiques de l\u2019utilisateur du site.<\/p><p>Le contenu du site d\u2019Ordiges est donn\u00e9 \u00e0 titre indicatif, et Ordiges ne peut garantir l\u2019actualit\u00e9, exactitude et compl\u00e9tude des donn\u00e9es sur son site.<\/p><p>Ordiges peut afficher des liens vers des sites tiers \u00e0 titre informatif pour l\u2019utilisateur. Ordiges n\u2019est pas responsable du contenu de ces sites tiers. L\u2019ajout de lien URL vers le site<span class=\"apple-converted-space\">\u00a0<\/span><a href=\"http:\/\/www.ordiges.com\/undefined\" target=\"_self\"><b>www.ordiges.com<\/b><\/a><span class=\"apple-converted-space\">\u00a0<\/span>doit \u00eatre pr\u00e9alablement accept\u00e9 par Ordiges.<\/p><p>Ce site a \u00e9t\u00e9 r\u00e9alis\u00e9 par Ordiges, est maintenu\u00a0<a href=\"https:\/\/ruellegregory.be\/\">Gr\u00e9gory Ruelle<\/a>\u00a0et h\u00e9berg\u00e9 par la soci\u00e9t\u00e9 <a href=\"https:\/\/www.ovh.com\/fr\/\">OVH<\/a>.<\/p>","_et_gb_content_width":"","footnotes":""},"class_list":["post-19700","page","type-page","status-publish","has-post-thumbnail","hentry"],"acf":[],"_links":{"self":[{"href":"https:\/\/ordiges.com\/en\/wp-json\/wp\/v2\/pages\/19700","targetHints":{"allow":["GET"]}}],"collection":[{"href":"https:\/\/ordiges.com\/en\/wp-json\/wp\/v2\/pages"}],"about":[{"href":"https:\/\/ordiges.com\/en\/wp-json\/wp\/v2\/types\/page"}],"author":[{"embeddable":true,"href":"https:\/\/ordiges.com\/en\/wp-json\/wp\/v2\/users\/3"}],"replies":[{"embeddable":true,"href":"https:\/\/ordiges.com\/en\/wp-json\/wp\/v2\/comments?post=19700"}],"version-history":[{"count":0,"href":"https:\/\/ordiges.com\/en\/wp-json\/wp\/v2\/pages\/19700\/revisions"}],"wp:featuredmedia":[{"embeddable":true,"href":"https:\/\/ordiges.com\/en\/wp-json\/wp\/v2\/media\/20407"}],"wp:attachment":[{"href":"https:\/\/ordiges.com\/en\/wp-json\/wp\/v2\/media?parent=19700"}],"curies":[{"name":"wp","href":"https:\/\/api.w.org\/{rel}","templated":true}]}}